{"id":5558,"date":"2021-09-15T20:51:29","date_gmt":"2021-09-15T20:51:29","guid":{"rendered":"https:\/\/timberry.ee\/?page_id=5558"},"modified":"2021-09-15T21:15:24","modified_gmt":"2021-09-15T21:15:24","slug":"timberry-ou-muugitingimused","status":"publish","type":"page","link":"https:\/\/timberry.ee\/en\/timberry-ou-muugitingimused\/","title":{"rendered":"TIMBERRY O\u00dc m\u00fc\u00fcgitingimused"},"content":{"rendered":"<p>PDF m\u00fc\u00fcgitingimused lae alla siit: <\/p>\n\n\n\n<div class=\"wp-block-file\"><a href=\"https:\/\/www.timberry.ee\/wp-content\/uploads\/2021\/09\/M\u00dc\u00dcGITINGIMUSED-2021-veebi.pdf\">M\u00dc\u00dcGITINGIMUSED_2021-2022<\/a><a href=\"https:\/\/www.timberry.ee\/wp-content\/uploads\/2021\/09\/M\u00dc\u00dcGITINGIMUSED-2021-veebi.pdf\" class=\"wp-block-file__button\" download>Laadi alla<\/a><\/div>","protected":false},"excerpt":{"rendered":"<p>PDF m\u00fc\u00fcgitingimused lae alla siit:<\/p>","protected":false},"author":1,"featured_media":0,"parent":0,"menu_order":0,"comment_status":"closed","ping_status":"closed","template":"elementor_canvas","meta":{"om_disable_all_campaigns":false,"_monsterinsights_skip_tracking":false,"_monsterinsights_sitenote_active":false,"_monsterinsights_sitenote_note":"","_monsterinsights_sitenote_category":0,"footnotes":""},"class_list":["post-5558","page","type-page","status-publish"],"aioseo_notices":[],"_links":{"self":[{"href":"https:\/\/timberry.ee\/en\/wp-json\/wp\/v2\/page\/5558","targetHints":{"allow":["GET"]}}],"collection":[{"href":"https:\/\/timberry.ee\/en\/wp-json\/wp\/v2\/page"}],"about":[{"href":"https:\/\/timberry.ee\/en\/wp-json\/wp\/v2\/types\/page"}],"author":[{"embeddable":true,"href":"https:\/\/timberry.ee\/en\/wp-json\/wp\/v2\/users\/1"}],"replies":[{"embeddable":true,"href":"https:\/\/timberry.ee\/en\/wp-json\/wp\/v2\/comments?post=5558"}],"version-history":[{"count":1,"href":"https:\/\/timberry.ee\/en\/wp-json\/wp\/v2\/page\/5558\/revisions"}],"predecessor-version":[{"id":5560,"href":"https:\/\/timberry.ee\/en\/wp-json\/wp\/v2\/page\/5558\/revisions\/5560"}],"wp:attachment":[{"href":"https:\/\/timberry.ee\/en\/wp-json\/wp\/v2\/media?parent=5558"}],"curies":[{"name":"wp","href":"https:\/\/api.w.org\/{rel}","templated":true}]}}